{"id":2137,"date":"2023-02-06T15:11:17","date_gmt":"2023-02-06T14:11:17","guid":{"rendered":"http:\/\/localhost:8888\/newtma\/?page_id=2137"},"modified":"2023-02-16T18:10:29","modified_gmt":"2023-02-16T17:10:29","slug":"faq","status":"publish","type":"page","link":"https:\/\/www.terremeradventure.com\/en\/faq\/","title":{"rendered":"FAQ"},"content":{"rendered":"<div data-elementor-type=\"wp-post\" data-elementor-id=\"2137\" class=\"elementor elementor-2137\" data-elementor-post-type=\"page\">\n\t\t\t\t\t\t<section class=\"elementor-section elementor-top-section elementor-element elementor-element-6ae56ec3 elementor-section-height-min-height elementor-section-boxed elementor-section-height-default elementor-section-items-middle\" data-id=\"6ae56ec3\" data-element_type=\"section\" data-settings=\"{&quot;background_background&quot;:&quot;classic&quot;}\">\n\t\t\t\t\t\t\t<div class=\"elementor-background-overlay\"><\/div>\n\t\t\t\t\t\t\t<div class=\"elementor-container elementor-column-gap-default\">\n\t\t\t\t\t<div class=\"elementor-column elementor-col-100 elementor-top-column elementor-element elementor-element-296e6e82 elementor-invisible\" data-id=\"296e6e82\" data-element_type=\"column\" data-settings=\"{&quot;animation&quot;:&quot;fadeInUp&quot;}\">\n\t\t\t<div class=\"elementor-widget-wrap elementor-element-populated\">\n\t\t\t\t\t\t<div class=\"elementor-element elementor-element-3b8cace5 elementor-widget elementor-widget-heading\" data-id=\"3b8cace5\" data-element_type=\"widget\" data-widget_type=\"heading.default\">\n\t\t\t\t<div class=\"elementor-widget-container\">\n\t\t\t\t\t<h1 class=\"elementor-heading-title elementor-size-default\">FAQ<\/h1>\t\t\t\t<\/div>\n\t\t\t\t<\/div>\n\t\t\t\t\t<\/div>\n\t\t<\/div>\n\t\t\t\t\t<\/div>\n\t\t<\/section>\n\t\t\t\t<section class=\"elementor-section elementor-top-section elementor-element elementor-element-6697fd80 elementor-section-boxed elementor-section-height-default elementor-section-height-default\" data-id=\"6697fd80\" data-element_type=\"section\">\n\t\t\t\t\t\t<div class=\"elementor-container elementor-column-gap-default\">\n\t\t\t\t\t<div class=\"elementor-column elementor-col-50 elementor-top-column elementor-element elementor-element-6041a59a\" data-id=\"6041a59a\" data-element_type=\"column\">\n\t\t\t<div class=\"elementor-widget-wrap elementor-element-populated\">\n\t\t\t\t\t\t<div class=\"elementor-element elementor-element-6d5aec7a elementor-widget__width-auto elementor-fixed elementor-widget elementor-widget-button\" data-id=\"6d5aec7a\" data-element_type=\"widget\" data-settings=\"{&quot;_position&quot;:&quot;fixed&quot;}\" data-widget_type=\"button.default\">\n\t\t\t\t<div class=\"elementor-widget-container\">\n\t\t\t\t\t\t\t\t\t<div class=\"elementor-button-wrapper\">\n\t\t\t\t\t<a class=\"elementor-button elementor-button-link elementor-size-xs\" href=\"#infos\">\n\t\t\t\t\t\t<span class=\"elementor-button-content-wrapper\">\n\t\t\t\t\t\t<span class=\"elementor-button-icon\">\n\t\t\t\t<i aria-hidden=\"true\" class=\"far fa-envelope\"><\/i>\t\t\t<\/span>\n\t\t\t\t\t\t\t\t\t<span class=\"elementor-button-text\">Info request<\/span>\n\t\t\t\t\t<\/span>\n\t\t\t\t\t<\/a>\n\t\t\t\t<\/div>\n\t\t\t\t\t\t\t\t<\/div>\n\t\t\t\t<\/div>\n\t\t\t\t\t<\/div>\n\t\t<\/div>\n\t\t\t\t<div class=\"elementor-column elementor-col-50 elementor-top-column elementor-element elementor-element-52d86169\" data-id=\"52d86169\" data-element_type=\"column\">\n\t\t\t<div class=\"elementor-widget-wrap elementor-element-populated\">\n\t\t\t\t\t\t<div class=\"elementor-element elementor-element-2f82086a elementor-widget__width-auto elementor-fixed elementor-widget elementor-widget-button\" data-id=\"2f82086a\" data-element_type=\"widget\" data-settings=\"{&quot;_position&quot;:&quot;fixed&quot;}\" data-widget_type=\"button.default\">\n\t\t\t\t<div class=\"elementor-widget-container\">\n\t\t\t\t\t\t\t\t\t<div class=\"elementor-button-wrapper\">\n\t\t\t\t\t<a class=\"elementor-button elementor-button-link elementor-size-xs\" href=\"https:\/\/wa.me\/212660738100\" target=\"_blank\">\n\t\t\t\t\t\t<span class=\"elementor-button-content-wrapper\">\n\t\t\t\t\t\t<span class=\"elementor-button-icon\">\n\t\t\t\t<i aria-hidden=\"true\" class=\"fab fa-whatsapp\"><\/i>\t\t\t<\/span>\n\t\t\t\t\t\t\t\t\t<span class=\"elementor-button-text\">WhatsApp<\/span>\n\t\t\t\t\t<\/span>\n\t\t\t\t\t<\/a>\n\t\t\t\t<\/div>\n\t\t\t\t\t\t\t\t<\/div>\n\t\t\t\t<\/div>\n\t\t\t\t\t<\/div>\n\t\t<\/div>\n\t\t\t\t\t<\/div>\n\t\t<\/section>\n\t\t\t\t<section class=\"elementor-section elementor-top-section elementor-element elementor-element-24e003e3 elementor-section-boxed elementor-section-height-default elementor-section-height-default\" data-id=\"24e003e3\" data-element_type=\"section\" data-settings=\"{&quot;background_background&quot;:&quot;classic&quot;}\">\n\t\t\t\t\t\t\t<div class=\"elementor-background-overlay\"><\/div>\n\t\t\t\t\t\t\t<div class=\"elementor-container elementor-column-gap-default\">\n\t\t\t\t\t<div class=\"elementor-column elementor-col-100 elementor-top-column elementor-element elementor-element-159a2e7a\" data-id=\"159a2e7a\" data-element_type=\"column\">\n\t\t\t<div class=\"elementor-widget-wrap elementor-element-populated\">\n\t\t\t\t\t\t<div class=\"elementor-element elementor-element-47d4a2db elementor-widget elementor-widget-heading\" data-id=\"47d4a2db\" data-element_type=\"widget\" data-settings=\"{&quot;_animation&quot;:&quot;none&quot;}\" data-widget_type=\"heading.default\">\n\t\t\t\t<div class=\"elementor-widget-container\">\n\t\t\t\t\t<h6 class=\"elementor-heading-title elementor-size-default\">Questions &amp; answers<\/h6>\t\t\t\t<\/div>\n\t\t\t\t<\/div>\n\t\t\t\t<div class=\"elementor-element elementor-element-ae6b90b elementor-widget elementor-widget-heading\" data-id=\"ae6b90b\" data-element_type=\"widget\" data-settings=\"{&quot;_animation&quot;:&quot;none&quot;}\" data-widget_type=\"heading.default\">\n\t\t\t\t<div class=\"elementor-widget-container\">\n\t\t\t\t\t<h2 class=\"elementor-heading-title elementor-size-default\">Frequently Asked Questions<\/h2>\t\t\t\t<\/div>\n\t\t\t\t<\/div>\n\t\t\t\t<div class=\"elementor-element elementor-element-65d1106d elementor-widget elementor-widget-text-editor\" data-id=\"65d1106d\" data-element_type=\"widget\" data-settings=\"{&quot;_animation&quot;:&quot;none&quot;}\" data-widget_type=\"text-editor.default\">\n\t\t\t\t<div class=\"elementor-widget-container\">\n\t\t\t\t\t\t\t\t\t<p>Answers to the most frequently asked questions<\/p>\t\t\t\t\t\t\t\t<\/div>\n\t\t\t\t<\/div>\n\t\t\t\t<section class=\"elementor-section elementor-inner-section elementor-element elementor-element-441eec6c elementor-section-boxed elementor-section-height-default elementor-section-height-default\" data-id=\"441eec6c\" data-element_type=\"section\">\n\t\t\t\t\t\t<div class=\"elementor-container elementor-column-gap-default\">\n\t\t\t\t\t<div class=\"elementor-column elementor-col-16 elementor-inner-column elementor-element elementor-element-61a72a35 elementor-invisible\" data-id=\"61a72a35\" data-element_type=\"column\" data-settings=\"{&quot;animation&quot;:&quot;fadeInLeft&quot;}\">\n\t\t\t<div class=\"elementor-widget-wrap\">\n\t\t\t\t\t\t\t<\/div>\n\t\t<\/div>\n\t\t\t\t<div class=\"elementor-column elementor-col-66 elementor-inner-column elementor-element elementor-element-5f9ae37 elementor-invisible\" data-id=\"5f9ae37\" data-element_type=\"column\" data-settings=\"{&quot;animation&quot;:&quot;fadeInLeft&quot;}\">\n\t\t\t<div class=\"elementor-widget-wrap elementor-element-populated\">\n\t\t\t\t\t\t<div class=\"elementor-element elementor-element-dbc2dbe elementor-widget elementor-widget-toggle\" data-id=\"dbc2dbe\" data-element_type=\"widget\" data-widget_type=\"toggle.default\">\n\t\t\t\t<div class=\"elementor-widget-container\">\n\t\t\t\t\t\t\t<div class=\"elementor-toggle\">\n\t\t\t\t\t\t\t<div class=\"elementor-toggle-item\">\n\t\t\t\t\t<div id=\"elementor-tab-title-2301\" class=\"elementor-tab-title\" data-tab=\"1\" role=\"button\" aria-controls=\"elementor-tab-content-2301\" aria-expanded=\"false\">\n\t\t\t\t\t\t\t\t\t\t\t\t<span class=\"elementor-toggle-icon elementor-toggle-icon-left\" aria-hidden=\"true\">\n\t\t\t\t\t\t\t\t\t\t\t\t\t\t\t<span class=\"elementor-toggle-icon-closed\"><i class=\"fas fa-chevron-down\"><\/i><\/span>\n\t\t\t\t\t\t\t\t<span class=\"elementor-toggle-icon-opened\"><i class=\"elementor-toggle-icon-opened fas fa-chevron-up\"><\/i><\/span>\n\t\t\t\t\t\t\t\t\t\t\t\t\t<\/span>\n\t\t\t\t\t\t\t\t\t\t\t\t<a class=\"elementor-toggle-title\" tabindex=\"0\">What documents do I need to enter Morocco?<\/a>\n\t\t\t\t\t<\/div>\n\n\t\t\t\t\t<div id=\"elementor-tab-content-2301\" class=\"elementor-tab-content elementor-clearfix\" data-tab=\"1\" role=\"region\" aria-labelledby=\"elementor-tab-title-2301\"><div>A biometric passport valid for at least 90 days<span class=\"gmail-Apple-converted-space\">\u00a0<\/span>is required for travel to Morocco. No pass can be issued to persons traveling on an expired passport.<\/div><div>\u00a0<\/div><div><span style=\"color: #ff6600;\"><a style=\"color: #ff6600;\" href=\"https:\/\/www.consulat.ma\/fr\/liste-des-pays-dont-les-ressortissants-sont-dispenses-du-visa-dentree-au-maroc\" target=\"_blank\" rel=\"noopener\">Click here<\/a><\/span> to consult the list of countries whose nationals are exempt from visas.<\/div><\/div>\n\t\t\t\t<\/div>\n\t\t\t\t\t\t\t<div class=\"elementor-toggle-item\">\n\t\t\t\t\t<div id=\"elementor-tab-title-2302\" class=\"elementor-tab-title\" data-tab=\"2\" role=\"button\" aria-controls=\"elementor-tab-content-2302\" aria-expanded=\"false\">\n\t\t\t\t\t\t\t\t\t\t\t\t<span class=\"elementor-toggle-icon elementor-toggle-icon-left\" aria-hidden=\"true\">\n\t\t\t\t\t\t\t\t\t\t\t\t\t\t\t<span class=\"elementor-toggle-icon-closed\"><i class=\"fas fa-chevron-down\"><\/i><\/span>\n\t\t\t\t\t\t\t\t<span class=\"elementor-toggle-icon-opened\"><i class=\"elementor-toggle-icon-opened fas fa-chevron-up\"><\/i><\/span>\n\t\t\t\t\t\t\t\t\t\t\t\t\t<\/span>\n\t\t\t\t\t\t\t\t\t\t\t\t<a class=\"elementor-toggle-title\" tabindex=\"0\">Do I need a driver's license?<\/a>\n\t\t\t\t\t<\/div>\n\n\t\t\t\t\t<div id=\"elementor-tab-content-2302\" class=\"elementor-tab-content elementor-clearfix\" data-tab=\"2\" role=\"region\" aria-labelledby=\"elementor-tab-title-2302\"><p>It is necessary to have a medium-displacement motorcycle license for motorcycle tours.<br \/>You don't need a license to drive quads and buggies, but the minimum age is 16 years old and driving experience (vehicle of any kind) is recommended.<\/p><\/div>\n\t\t\t\t<\/div>\n\t\t\t\t\t\t\t<div class=\"elementor-toggle-item\">\n\t\t\t\t\t<div id=\"elementor-tab-title-2303\" class=\"elementor-tab-title\" data-tab=\"3\" role=\"button\" aria-controls=\"elementor-tab-content-2303\" aria-expanded=\"false\">\n\t\t\t\t\t\t\t\t\t\t\t\t<span class=\"elementor-toggle-icon elementor-toggle-icon-left\" aria-hidden=\"true\">\n\t\t\t\t\t\t\t\t\t\t\t\t\t\t\t<span class=\"elementor-toggle-icon-closed\"><i class=\"fas fa-chevron-down\"><\/i><\/span>\n\t\t\t\t\t\t\t\t<span class=\"elementor-toggle-icon-opened\"><i class=\"elementor-toggle-icon-opened fas fa-chevron-up\"><\/i><\/span>\n\t\t\t\t\t\t\t\t\t\t\t\t\t<\/span>\n\t\t\t\t\t\t\t\t\t\t\t\t<a class=\"elementor-toggle-title\" tabindex=\"0\">Can we pay in currency in Morocco?<\/a>\n\t\t\t\t\t<\/div>\n\n\t\t\t\t\t<div id=\"elementor-tab-content-2303\" class=\"elementor-tab-content elementor-clearfix\" data-tab=\"3\" role=\"region\" aria-labelledby=\"elementor-tab-title-2303\"><p>The only currency used in Morocco is the Moroccan dirham. <br \/>There are bank counters almost everywhere, but in order to avoid high transaction fees, we advise you to bring convertible currency (euro, dollars, pounds, Swiss francs, etc.) to exchange at the exchange office.<br \/>Allow 100-150\u20ac per person upon arrival. If you need more, you can notify our guide to stop at an office.<br \/>Please keep in mind that there is a charge for drinks.<\/p><\/div>\n\t\t\t\t<\/div>\n\t\t\t\t\t\t\t<div class=\"elementor-toggle-item\">\n\t\t\t\t\t<div id=\"elementor-tab-title-2304\" class=\"elementor-tab-title\" data-tab=\"4\" role=\"button\" aria-controls=\"elementor-tab-content-2304\" aria-expanded=\"false\">\n\t\t\t\t\t\t\t\t\t\t\t\t<span class=\"elementor-toggle-icon elementor-toggle-icon-left\" aria-hidden=\"true\">\n\t\t\t\t\t\t\t\t\t\t\t\t\t\t\t<span class=\"elementor-toggle-icon-closed\"><i class=\"fas fa-chevron-down\"><\/i><\/span>\n\t\t\t\t\t\t\t\t<span class=\"elementor-toggle-icon-opened\"><i class=\"elementor-toggle-icon-opened fas fa-chevron-up\"><\/i><\/span>\n\t\t\t\t\t\t\t\t\t\t\t\t\t<\/span>\n\t\t\t\t\t\t\t\t\t\t\t\t<a class=\"elementor-toggle-title\" tabindex=\"0\">How much should I budget for tips?<\/a>\n\t\t\t\t\t<\/div>\n\n\t\t\t\t\t<div id=\"elementor-tab-content-2304\" class=\"elementor-tab-content elementor-clearfix\" data-tab=\"4\" role=\"region\" aria-labelledby=\"elementor-tab-title-2304\"><p>Tipping is obviously not mandatory but is commonplace in Morocco.<br \/>To give you a scale, in restaurants it is common to give a 10% tip (for meals that are not included)<br \/>For the guide and the mechanic, if you are satisfied with the service, the tip is around 3-4\u20ac\/day\/person for each.<\/p><\/div>\n\t\t\t\t<\/div>\n\t\t\t\t\t\t\t<div class=\"elementor-toggle-item\">\n\t\t\t\t\t<div id=\"elementor-tab-title-2305\" class=\"elementor-tab-title\" data-tab=\"5\" role=\"button\" aria-controls=\"elementor-tab-content-2305\" aria-expanded=\"false\">\n\t\t\t\t\t\t\t\t\t\t\t\t<span class=\"elementor-toggle-icon elementor-toggle-icon-left\" aria-hidden=\"true\">\n\t\t\t\t\t\t\t\t\t\t\t\t\t\t\t<span class=\"elementor-toggle-icon-closed\"><i class=\"fas fa-chevron-down\"><\/i><\/span>\n\t\t\t\t\t\t\t\t<span class=\"elementor-toggle-icon-opened\"><i class=\"elementor-toggle-icon-opened fas fa-chevron-up\"><\/i><\/span>\n\t\t\t\t\t\t\t\t\t\t\t\t\t<\/span>\n\t\t\t\t\t\t\t\t\t\t\t\t<a class=\"elementor-toggle-title\" tabindex=\"0\">What about insurance?<\/a>\n\t\t\t\t\t<\/div>\n\n\t\t\t\t\t<div id=\"elementor-tab-content-2305\" class=\"elementor-tab-content elementor-clearfix\" data-tab=\"5\" role=\"region\" aria-labelledby=\"elementor-tab-title-2305\"><p>It is necessary to plan your hospitalization and repatriation insurance.<br \/>The quads and buggies are insured in third party while the motorcycles are insured in all risk.<br \/>There is no comprehensive insurance for unlicensed vehicles (buggies), so we guarantee that you will have a 100% off-road experience.<\/p><\/div>\n\t\t\t\t<\/div>\n\t\t\t\t\t\t\t<div class=\"elementor-toggle-item\">\n\t\t\t\t\t<div id=\"elementor-tab-title-2306\" class=\"elementor-tab-title\" data-tab=\"6\" role=\"button\" aria-controls=\"elementor-tab-content-2306\" aria-expanded=\"false\">\n\t\t\t\t\t\t\t\t\t\t\t\t<span class=\"elementor-toggle-icon elementor-toggle-icon-left\" aria-hidden=\"true\">\n\t\t\t\t\t\t\t\t\t\t\t\t\t\t\t<span class=\"elementor-toggle-icon-closed\"><i class=\"fas fa-chevron-down\"><\/i><\/span>\n\t\t\t\t\t\t\t\t<span class=\"elementor-toggle-icon-opened\"><i class=\"elementor-toggle-icon-opened fas fa-chevron-up\"><\/i><\/span>\n\t\t\t\t\t\t\t\t\t\t\t\t\t<\/span>\n\t\t\t\t\t\t\t\t\t\t\t\t<a class=\"elementor-toggle-title\" tabindex=\"0\">Can we bring a drone with us?<\/a>\n\t\t\t\t\t<\/div>\n\n\t\t\t\t\t<div id=\"elementor-tab-content-2306\" class=\"elementor-tab-content elementor-clearfix\" data-tab=\"6\" role=\"region\" aria-labelledby=\"elementor-tab-title-2306\"><p>In Morocco, the government regulates the use of drones, which is prohibited by an order that came into effect in February 2015 in order to limit the \"security risks and infringement of property and privacy\" associated with the use of drones. This is Order No. 386-15 of the Ministry of Commerce subjecting the import of unmanned flying objects to the prior obtaining of a license.<\/p><\/div>\n\t\t\t\t<\/div>\n\t\t\t\t\t\t\t<div class=\"elementor-toggle-item\">\n\t\t\t\t\t<div id=\"elementor-tab-title-2307\" class=\"elementor-tab-title\" data-tab=\"7\" role=\"button\" aria-controls=\"elementor-tab-content-2307\" aria-expanded=\"false\">\n\t\t\t\t\t\t\t\t\t\t\t\t<span class=\"elementor-toggle-icon elementor-toggle-icon-left\" aria-hidden=\"true\">\n\t\t\t\t\t\t\t\t\t\t\t\t\t\t\t<span class=\"elementor-toggle-icon-closed\"><i class=\"fas fa-chevron-down\"><\/i><\/span>\n\t\t\t\t\t\t\t\t<span class=\"elementor-toggle-icon-opened\"><i class=\"elementor-toggle-icon-opened fas fa-chevron-up\"><\/i><\/span>\n\t\t\t\t\t\t\t\t\t\t\t\t\t<\/span>\n\t\t\t\t\t\t\t\t\t\t\t\t<a class=\"elementor-toggle-title\" tabindex=\"0\">Practical advice<\/a>\n\t\t\t\t\t<\/div>\n\n\t\t\t\t\t<div id=\"elementor-tab-content-2307\" class=\"elementor-tab-content elementor-clearfix\" data-tab=\"7\" role=\"region\" aria-labelledby=\"elementor-tab-title-2307\"><p>European electrical outlets (type C\/E) are used in Morocco.<br \/>The 220 V voltage is different in Morocco and is lower than in France (230 V), but this is not a problem. The manufacturers have taken into account the difference (tolerance). So you can use all your appliances.<\/p><p>The wi-fi connection is available in all the establishments except in bivouac in the desert of Chegaga and in Fort Boujerif (Atlantic tour) where the connection is weak.<br \/>Upon arrival at the airport, you can get a 4G SIM card at a lower cost (Orange, Maroc Telecom, Inwi operators).<\/p><\/div>\n\t\t\t\t<\/div>\n\t\t\t\t\t\t\t\t\t\t<script type=\"application\/ld+json\">{\"@context\":\"https:\\\/\\\/schema.org\",\"@type\":\"FAQPage\",\"mainEntity\":[{\"@type\":\"Question\",\"name\":\"De quels documents ai-je besoin pour entrer sur le territoire marocain ?\",\"acceptedAnswer\":{\"@type\":\"Answer\",\"text\":\"<div>Un passeport biom\\u00e9trique en cours de validit\\u00e9 d&rsquo;au moins 90 jours<span class=\\\"gmail-Apple-converted-space\\\">\\u00a0<\\\/span>est indispensable pour voyager au Maroc. Aucun laissez-passer ne peut \\u00eatre d\\u00e9livr\\u00e9 sur place aux personnes voyageant avec un passeport expir\\u00e9.<\\\/div><div>\\u00a0<\\\/div><div><span style=\\\"color: #ff6600;\\\"><a style=\\\"color: #ff6600;\\\" href=\\\"https:\\\/\\\/www.consulat.ma\\\/fr\\\/liste-des-pays-dont-les-ressortissants-sont-dispenses-du-visa-dentree-au-maroc\\\" target=\\\"_blank\\\" rel=\\\"noopener\\\">Cliquez-ici<\\\/a><\\\/span> pour consulter la liste des pays dont les ressortissants sont exempt\\u00e9s de visa.<\\\/div>\"}},{\"@type\":\"Question\",\"name\":\"Ai-je besoin d'un permis pour conduite de v\\u00e9hicule ?\",\"acceptedAnswer\":{\"@type\":\"Answer\",\"text\":\"<p>Il est n\\u00e9cessaire d&rsquo;avoir un permis moto moyenne cylindr\\u00e9e pour les circuits en moto.<br \\\/>Il n&rsquo;y a pas besoin de permis pour la conduite des quads et buggys, mais l&rsquo;\\u00e2ge minimum est de 16 ans et une exp\\u00e9rience en conduite (v\\u00e9hicule en tout genre) est recommand\\u00e9e.<\\\/p>\"}},{\"@type\":\"Question\",\"name\":\"Peut-on payer en devise au Maroc ?\",\"acceptedAnswer\":{\"@type\":\"Answer\",\"text\":\"<p>La seule monnaie utilis\\u00e9e au Maroc est le dirham marocain. <br \\\/>Il existe des guichets bancaires \\u00e0 peu pr\\u00e8s partout, mais afin d&rsquo;\\u00e9viter les frais de transaction \\u00e9lev\\u00e9s, nous vous conseillons d&rsquo;apporter de la devise convertible (euro, dollars, pounds, francs suisses etc&#8230;) \\u00e0 \\u00e9changer au bureau de change.<br \\\/>Pr\\u00e9voir 100-150\\u20ac par personne \\u00e0 l&rsquo;arriv\\u00e9e. Si besoin de plus, vous pouvez en notifier notre guide pour vous arr\\u00eater \\u00e0 un bureau.<br \\\/>Merci de garder \\u00e0 l&rsquo;esprit que les boissons sont payantes.<\\\/p>\"}},{\"@type\":\"Question\",\"name\":\"Combien faut-il pr\\u00e9voir pour les pourboires ?\",\"acceptedAnswer\":{\"@type\":\"Answer\",\"text\":\"<p>Les pourboires ne sont pas \\u00e9videmment pas obligatoires mais sont monnaie courante au Maroc.<br \\\/>Pour vous donner une \\u00e9chelle, au restaurant il est commun d&rsquo;accorder un pourboire de 10% (pour les repas qui ne sont pas inclus)<br \\\/>Pour le guide et le m\\u00e9canicien, si vous \\u00eates satisfait de la prestation, le pourboire est autour de 3-4\\u20ac\\\/jour\\\/personne pour chacun.<\\\/p>\"}},{\"@type\":\"Question\",\"name\":\"Quid des assurances ?\",\"acceptedAnswer\":{\"@type\":\"Answer\",\"text\":\"<p>Il est n\\u00e9cessaire de pr\\u00e9voir votre assurance hospitalisation et rapatriement.<br \\\/>Les quads et buggys sont assur\\u00e9s au tiers tandis que les motos sont assur\\u00e9s en tout risque.<br \\\/>Il n&rsquo;existe pas d&rsquo;assurance tout risques pour les v\\u00e9hicules non-immatriculables (buggys), c&rsquo;est la garantie que vous vivrez une exp\\u00e9rience 100% hors-piste \\\/ off-road.<\\\/p>\"}},{\"@type\":\"Question\",\"name\":\"Peut-on apporter un dr\\u00f4ne avec nous ?\",\"acceptedAnswer\":{\"@type\":\"Answer\",\"text\":\"<p>Au Maroc, le Gouvernement encadre l\\u2019utilisation des drones, laquelle est interdite par un arr\\u00eat\\u00e9 entr\\u00e9 en vigueur en f\\u00e9vrier 2015 afin de limiter les \\u00ab risques s\\u00e9curitaires et d\\u2019atteinte \\u00e0 la propri\\u00e9t\\u00e9 et \\u00e0 la vie priv\\u00e9e \\u00bb li\\u00e9s \\u00e0 l\\u2019usage des drones. Il s\\u2019agit de l\\u2019arr\\u00eat\\u00e9 n\\u00b0386-15 du minist\\u00e8re du Commerce soumettant l\\u2019importation d\\u2019objets volants sans pilote \\u00e0 l\\u2019obtention pr\\u00e9alable d\\u2019une licence.<\\\/p>\"}},{\"@type\":\"Question\",\"name\":\"Conseils pratiques\",\"acceptedAnswer\":{\"@type\":\"Answer\",\"text\":\"<p>Ce sont les prises \\u00e9lectriques europ\\u00e9ennes (type C\\\/E) qui sont utilis\\u00e9es au Maroc.<br \\\/>Le voltage 220 V est diff\\u00e9rent au Maroc et est plus bas qu\\u2019en France (230 V), mais ceci ne pose pas de probl\\u00e8me. Les fabricants ont tenu compte de la diff\\u00e9rence (tol\\u00e9rance). Vous pouvez donc utiliser tous vos appareils.<\\\/p><p>La connexion wi-fi est disponible dans tous les \\u00e9tablissements hormis en bivouac dans le d\\u00e9sert de Chegaga et \\u00e0 Fort Boujerif (circuit Atlantique) o\\u00f9 la connexion est faible.<br \\\/>A l&rsquo;arriv\\u00e9e \\u00e0 l&rsquo;a\\u00e9roport, vous pouvez obtenir une carte SIM 4G \\u00e0 moindre co\\u00fbt (op\\u00e9rateurs Orange, Maroc Telecom, Inwi).<\\\/p>\"}}]}<\/script>\n\t\t\t\t\t<\/div>\n\t\t\t\t\t\t<\/div>\n\t\t\t\t<\/div>\n\t\t\t\t\t<\/div>\n\t\t<\/div>\n\t\t\t\t<div class=\"elementor-column elementor-col-16 elementor-inner-column elementor-element elementor-element-9717474 elementor-invisible\" data-id=\"9717474\" data-element_type=\"column\" data-settings=\"{&quot;animation&quot;:&quot;fadeInLeft&quot;}\">\n\t\t\t<div class=\"elementor-widget-wrap\">\n\t\t\t\t\t\t\t<\/div>\n\t\t<\/div>\n\t\t\t\t\t<\/div>\n\t\t<\/section>\n\t\t\t\t\t<\/div>\n\t\t<\/div>\n\t\t\t\t\t<\/div>\n\t\t<\/section>\n\t\t\t\t<section class=\"elementor-section elementor-top-section elementor-element elementor-element-6f80bf6d elementor-section-boxed elementor-section-height-default elementor-section-height-default\" data-id=\"6f80bf6d\" data-element_type=\"section\" data-settings=\"{&quot;animation&quot;:&quot;none&quot;}\">\n\t\t\t\t\t\t\t<div class=\"elementor-background-overlay\"><\/div>\n\t\t\t\t\t\t\t<div class=\"elementor-container elementor-column-gap-default\">\n\t\t\t\t\t<div class=\"elementor-column elementor-col-100 elementor-top-column elementor-element elementor-element-5aa3c4d4\" data-id=\"5aa3c4d4\" data-element_type=\"column\">\n\t\t\t<div class=\"elementor-widget-wrap elementor-element-populated\">\n\t\t\t\t\t\t<div class=\"elementor-element elementor-element-70431e82 elementor-widget elementor-widget-heading\" data-id=\"70431e82\" data-element_type=\"widget\" data-widget_type=\"heading.default\">\n\t\t\t\t<div class=\"elementor-widget-container\">\n\t\t\t\t\t<h3 class=\"elementor-heading-title elementor-size-default\">Can't find the answer?<\/h3>\t\t\t\t<\/div>\n\t\t\t\t<\/div>\n\t\t\t\t<div class=\"elementor-element elementor-element-38faf3c9 elementor-widget elementor-widget-text-editor\" data-id=\"38faf3c9\" data-element_type=\"widget\" data-widget_type=\"text-editor.default\">\n\t\t\t\t<div class=\"elementor-widget-container\">\n\t\t\t\t\t\t\t\t\t<p>Please contact us if you cannot find the answer to your question. We will be happy to answer all your questions.<\/p>\t\t\t\t\t\t\t\t<\/div>\n\t\t\t\t<\/div>\n\t\t\t\t<div class=\"elementor-element elementor-element-57346eac elementor-align-center elementor-widget elementor-widget-button\" data-id=\"57346eac\" data-element_type=\"widget\" data-widget_type=\"button.default\">\n\t\t\t\t<div class=\"elementor-widget-container\">\n\t\t\t\t\t\t\t\t\t<div class=\"elementor-button-wrapper\">\n\t\t\t\t\t<a class=\"elementor-button elementor-button-link elementor-size-md\" href=\"https:\/\/www.terremeradventure.com\/en\/contact\/\">\n\t\t\t\t\t\t<span class=\"elementor-button-content-wrapper\">\n\t\t\t\t\t\t\t\t\t<span class=\"elementor-button-text\">Contact Us<\/span>\n\t\t\t\t\t<\/span>\n\t\t\t\t\t<\/a>\n\t\t\t\t<\/div>\n\t\t\t\t\t\t\t\t<\/div>\n\t\t\t\t<\/div>\n\t\t\t\t\t<\/div>\n\t\t<\/div>\n\t\t\t\t\t<\/div>\n\t\t<\/section>\n\t\t\t\t<\/div>","protected":false},"excerpt":{"rendered":"<p>FAQ Demande d&rsquo;infos WhatsApp Questions &#8211; R\u00e9ponses Foire Aux Questions R\u00e9ponses aux questions les plus fr\u00e9quemment pos\u00e9es De quels documents ai-je besoin pour entrer sur le territoire marocain ? Un passeport biom\u00e9trique en cours de validit\u00e9 d&rsquo;au moins 90 jours\u00a0est indispensable pour voyager au Maroc. Aucun laissez-passer ne peut \u00eatre d\u00e9livr\u00e9 sur place aux personnes [&hellip;]<\/p>","protected":false},"author":1,"featured_media":0,"parent":0,"menu_order":0,"comment_status":"closed","ping_status":"closed","template":"elementor_header_footer","meta":{"footnotes":""},"class_list":["post-2137","page","type-page","status-publish","hentry"],"_links":{"self":[{"href":"https:\/\/www.terremeradventure.com\/en\/wp-json\/wp\/v2\/pages\/2137","targetHints":{"allow":["GET"]}}],"collection":[{"href":"https:\/\/www.terremeradventure.com\/en\/wp-json\/wp\/v2\/pages"}],"about":[{"href":"https:\/\/www.terremeradventure.com\/en\/wp-json\/wp\/v2\/types\/page"}],"author":[{"embeddable":true,"href":"https:\/\/www.terremeradventure.com\/en\/wp-json\/wp\/v2\/users\/1"}],"replies":[{"embeddable":true,"href":"https:\/\/www.terremeradventure.com\/en\/wp-json\/wp\/v2\/comments?post=2137"}],"version-history":[{"count":58,"href":"https:\/\/www.terremeradventure.com\/en\/wp-json\/wp\/v2\/pages\/2137\/revisions"}],"predecessor-version":[{"id":3514,"href":"https:\/\/www.terremeradventure.com\/en\/wp-json\/wp\/v2\/pages\/2137\/revisions\/3514"}],"wp:attachment":[{"href":"https:\/\/www.terremeradventure.com\/en\/wp-json\/wp\/v2\/media?parent=2137"}],"curies":[{"name":"wp","href":"https:\/\/api.w.org\/{rel}","templated":true}]}}